{"id":1642,"date":"2026-03-25T16:02:27","date_gmt":"2026-03-25T16:02:27","guid":{"rendered":"https:\/\/sysopdemo.com\/zkinycenter\/?post_type=product&#038;p=1642"},"modified":"2026-04-08T20:24:25","modified_gmt":"2026-04-08T20:24:25","slug":"peptide-age-reset-serum-facial-antiedad","status":"publish","type":"product","link":"https:\/\/zkinycenter.com.mx\/en\/product\/peptide-age-reset-serum-facial-antiedad\/","title":{"rendered":"Peptide Age Reset"},"content":{"rendered":"<p>Una potente emulsi\u00f3n enriquecida con Niacinamida, Retinol y \u00c1cido Hialur\u00f3nico, ricos en antioxidantes que estimulan un rejuvenecimiento profundo logrando una piel visiblemente m\u00e1s luminosa y uniforme.<\/p>\n<p>Su f\u00f3rmula avanzada ayuda a disminuir l\u00edneas de expresi\u00f3n, revitalizar la tez, dejando un acabado suave y un cutis visiblemente m\u00e1s radiante.<\/p>","protected":false},"excerpt":{"rendered":"<p>Una potente emulsi\u00f3n enriquecida con Niacinamida, Retinol y \u00c1cido Hialur\u00f3nico, ricos en antioxidantes que estimulan un rejuvenecimiento profundo logrando una piel visiblemente m\u00e1s luminosa y uniforme. Su f\u00f3rmula avanzada ayuda a disminuir l\u00edneas de expresi\u00f3n, revitalizar la tez, dejando un acabado suave y un cutis visiblemente m\u00e1s radiante.<\/p>","protected":false},"featured_media":1644,"comment_status":"open","ping_status":"closed","template":"","meta":{"_acf_changed":false,"site-sidebar-layout":"default","site-content-layout":"","ast-site-content-layout":"default","site-content-style":"default","site-sidebar-style":"default","ast-global-header-display":"","ast-banner-title-visibility":"","ast-main-header-display":"","ast-hfb-above-header-display":"","ast-hfb-below-header-display":"","ast-hfb-mobile-header-display":"","site-post-title":"","ast-breadcrumbs-content":"","ast-featured-img":"","footer-sml-layout":"","theme-transparent-header-meta":"default","adv-header-id-meta":"","stick-header-meta":"","header-above-stick-meta":"","header-main-stick-meta":"","header-below-stick-meta":"","astra-migrate-meta-layouts":"set","ast-page-background-enabled":"default","ast-page-background-meta":{"desktop":{"background-color":"var(--ast-global-color-4)","background-image":"","background-repeat":"repeat","background-position":"center center","background-size":"auto","background-attachment":"scroll","background-type":"","background-media":"","overlay-type":"","overlay-color":"","overlay-opacity":"","overlay-gradient":""},"tablet":{"background-color":"","background-image":"","background-repeat":"repeat","background-position":"center center","background-size":"auto","background-attachment":"scroll","background-type":"","background-media":"","overlay-type":"","overlay-color":"","overlay-opacity":"","overlay-gradient":""},"mobile":{"background-color":"","background-image":"","background-repeat":"repeat","background-position":"center center","background-size":"auto","background-attachment":"scroll","background-type":"","background-media":"","overlay-type":"","overlay-color":"","overlay-opacity":"","overlay-gradient":""}},"ast-content-background-meta":{"desktop":{"background-color":"var(--ast-global-color-5)","background-image":"","background-repeat":"repeat","background-position":"center center","background-size":"auto","background-attachment":"scroll","background-type":"","background-media":"","overlay-type":"","overlay-color":"","overlay-opacity":"","overlay-gradient":""},"tablet":{"background-color":"var(--ast-global-color-5)","background-image":"","background-repeat":"repeat","background-position":"center center","background-size":"auto","background-attachment":"scroll","background-type":"","background-media":"","overlay-type":"","overlay-color":"","overlay-opacity":"","overlay-gradient":""},"mobile":{"background-color":"var(--ast-global-color-5)","background-image":"","background-repeat":"repeat","background-position":"center center","background-size":"auto","background-attachment":"scroll","background-type":"","background-media":"","overlay-type":"","overlay-color":"","overlay-opacity":"","overlay-gradient":""}}},"product_brand":[],"product_cat":[40],"product_tag":[],"class_list":{"0":"post-1642","1":"product","2":"type-product","3":"status-publish","4":"has-post-thumbnail","6":"product_cat-serums-y-cremas-cosmeticas","7":"desktop-align-left","8":"tablet-align-left","9":"mobile-align-left","11":"first","12":"instock","13":"sale","14":"shipping-taxable","15":"purchasable","16":"product-type-simple"},"acf":[],"aioseo_notices":[],"_links":{"self":[{"href":"https:\/\/zkinycenter.com.mx\/en\/wp-json\/wp\/v2\/product\/1642","targetHints":{"allow":["GET"]}}],"collection":[{"href":"https:\/\/zkinycenter.com.mx\/en\/wp-json\/wp\/v2\/product"}],"about":[{"href":"https:\/\/zkinycenter.com.mx\/en\/wp-json\/wp\/v2\/types\/product"}],"replies":[{"embeddable":true,"href":"https:\/\/zkinycenter.com.mx\/en\/wp-json\/wp\/v2\/comments?post=1642"}],"wp:featuredmedia":[{"embeddable":true,"href":"https:\/\/zkinycenter.com.mx\/en\/wp-json\/wp\/v2\/media\/1644"}],"wp:attachment":[{"href":"https:\/\/zkinycenter.com.mx\/en\/wp-json\/wp\/v2\/media?parent=1642"}],"wp:term":[{"taxonomy":"product_brand","embeddable":true,"href":"https:\/\/zkinycenter.com.mx\/en\/wp-json\/wp\/v2\/product_brand?post=1642"},{"taxonomy":"product_cat","embeddable":true,"href":"https:\/\/zkinycenter.com.mx\/en\/wp-json\/wp\/v2\/product_cat?post=1642"},{"taxonomy":"product_tag","embeddable":true,"href":"https:\/\/zkinycenter.com.mx\/en\/wp-json\/wp\/v2\/product_tag?post=1642"}],"curies":[{"name":"wp","href":"https:\/\/api.w.org\/{rel}","templated":true}]}}