{"id":1442,"date":"2026-03-24T20:50:54","date_gmt":"2026-03-24T20:50:54","guid":{"rendered":"https:\/\/sysopdemo.com\/zkinycenter\/?page_id=1442"},"modified":"2026-04-14T15:13:57","modified_gmt":"2026-04-14T15:13:57","slug":"servicios","status":"publish","type":"page","link":"https:\/\/zkinycenter.com.mx\/en\/servicios\/","title":{"rendered":"Servicios"},"content":{"rendered":"<div data-elementor-type=\"wp-page\" data-elementor-id=\"1442\" class=\"elementor elementor-1442\" data-elementor-post-type=\"page\">\n\t\t\t\t<div class=\"elementor-element elementor-element-671cb5c e-flex e-con-boxed e-con e-parent\" data-id=\"671cb5c\" data-element_type=\"container\" data-e-type=\"container\" data-settings=\"{&quot;background_background&quot;:&quot;classic&quot;,&quot;ekit_has_onepagescroll_dot&quot;:&quot;yes&quot;}\">\n\t\t\t\t\t<div class=\"e-con-inner\">\n\t\t<div class=\"elementor-element elementor-element-35fd8d1 e-con-full e-flex elementor-invisible e-con e-child\" data-id=\"35fd8d1\" data-element_type=\"container\" data-e-type=\"container\" data-settings=\"{&quot;background_background&quot;:&quot;classic&quot;,&quot;animation&quot;:&quot;fadeInLeft&quot;,&quot;ekit_has_onepagescroll_dot&quot;:&quot;yes&quot;}\">\n\t\t\t\t<div class=\"elementor-element elementor-element-3a77896 elementor-widget elementor-widget-heading\" data-id=\"3a77896\" data-element_type=\"widget\" data-e-type=\"widget\" data-settings=\"{&quot;ekit_we_effect_on&quot;:&quot;none&quot;}\" data-widget_type=\"heading.default\">\n\t\t\t\t<div class=\"elementor-widget-container\">\n\t\t\t\t\t<h1 class=\"elementor-heading-title elementor-size-default\">Servicios<\/h1>\t\t\t\t<\/div>\n\t\t\t\t<\/div>\n\t\t\t\t<\/div>\n\t\t<div class=\"elementor-element elementor-element-f950562 e-con-full e-flex e-con e-child\" data-id=\"f950562\" data-element_type=\"container\" data-e-type=\"container\" data-settings=\"{&quot;ekit_has_onepagescroll_dot&quot;:&quot;yes&quot;}\">\n\t\t\t\t<\/div>\n\t\t\t\t\t<\/div>\n\t\t\t\t<\/div>\n\t\t<div class=\"elementor-element elementor-element-3488a0e e-flex e-con-boxed e-con e-parent\" data-id=\"3488a0e\" data-element_type=\"container\" data-e-type=\"container\" id=\"consultamedica\" data-settings=\"{&quot;background_background&quot;:&quot;classic&quot;,&quot;ekit_has_onepagescroll_dot&quot;:&quot;yes&quot;}\">\n\t\t\t\t\t<div class=\"e-con-inner\">\n\t\t<div class=\"elementor-element elementor-element-f64a668 e-con-full animated-slow e-flex elementor-invisible e-con e-child\" data-id=\"f64a668\" data-element_type=\"container\" data-e-type=\"container\" data-settings=\"{&quot;animation&quot;:&quot;fadeInLeft&quot;,&quot;ekit_has_onepagescroll_dot&quot;:&quot;yes&quot;}\">\n\t\t<div class=\"elementor-element elementor-element-e98ddc4 e-con-full animated-slow e-flex elementor-invisible e-con e-child\" data-id=\"e98ddc4\" data-element_type=\"container\" data-e-type=\"container\" data-settings=\"{&quot;animation&quot;:&quot;fadeInLeft&quot;,&quot;ekit_has_onepagescroll_dot&quot;:&quot;yes&quot;}\">\n\t\t\t\t<div class=\"elementor-element elementor-element-1297f5e elementor-widget elementor-widget-image\" data-id=\"1297f5e\" data-element_type=\"widget\" data-e-type=\"widget\" data-settings=\"{&quot;ekit_we_effect_on&quot;:&quot;none&quot;}\" data-widget_type=\"image.default\">\n\t\t\t\t<div class=\"elementor-widget-container\">\n\t\t\t\t\t\t\t\t\t\t\t\t\t\t\t<img fetchpriority=\"high\" decoding=\"async\" width=\"800\" height=\"534\" src=\"https:\/\/zkinycenter.com.mx\/wp-content\/uploads\/2026\/03\/2148285762-e1776125146444.jpg\" class=\"attachment-large size-large wp-image-1449\" alt=\"2148285762\" \/>\t\t\t\t\t\t\t\t\t\t\t\t\t\t\t<\/div>\n\t\t\t\t<\/div>\n\t\t\t\t<\/div>\n\t\t\t\t<\/div>\n\t\t<div class=\"elementor-element elementor-element-ce8cde0 e-con-full e-flex e-con e-child\" data-id=\"ce8cde0\" data-element_type=\"container\" data-e-type=\"container\" data-settings=\"{&quot;ekit_has_onepagescroll_dot&quot;:&quot;yes&quot;}\">\n\t\t\t\t<div class=\"elementor-element elementor-element-3d42ee3 animated-slow elementor-invisible elementor-widget elementor-widget-heading\" data-id=\"3d42ee3\" data-element_type=\"widget\" data-e-type=\"widget\" data-settings=\"{&quot;_animation&quot;:&quot;fadeInLeft&quot;,&quot;ekit_we_effect_on&quot;:&quot;none&quot;}\" data-widget_type=\"heading.default\">\n\t\t\t\t<div class=\"elementor-widget-container\">\n\t\t\t\t\t<h2 class=\"elementor-heading-title elementor-size-default\">Consulta M\u00e9dica<\/h2>\t\t\t\t<\/div>\n\t\t\t\t<\/div>\n\t\t\t\t<div class=\"elementor-element elementor-element-b807a97 animated-slow elementor-invisible elementor-widget elementor-widget-text-editor\" data-id=\"b807a97\" data-element_type=\"widget\" data-e-type=\"widget\" data-settings=\"{&quot;_animation&quot;:&quot;fadeInUp&quot;,&quot;ekit_we_effect_on&quot;:&quot;none&quot;}\" data-widget_type=\"text-editor.default\">\n\t\t\t\t<div class=\"elementor-widget-container\">\n\t\t\t\t\t\t\t\t\t<p data-start=\"72\" data-end=\"376\">Evaluaci\u00f3n integral de tu estado de salud realizada por profesionales capacitados. Durante la consulta se revisan tus antecedentes, h\u00e1bitos y necesidades espec\u00edficas para brindarte un diagn\u00f3stico preciso y recomendaciones personalizadas que te ayuden a mejorar tu bienestar general.<\/p>\t\t\t\t\t\t\t\t<\/div>\n\t\t\t\t<\/div>\n\t\t\t\t<div class=\"elementor-element elementor-element-1f65373 elementor-widget__width-inherit e-transform elementor-invisible elementor-widget elementor-widget-ucaddon_glare_effect_button\" data-id=\"1f65373\" data-element_type=\"widget\" data-e-type=\"widget\" data-settings=\"{&quot;_transform_translateY_effect_hover&quot;:{&quot;unit&quot;:&quot;px&quot;,&quot;size&quot;:-10,&quot;sizes&quot;:[]},&quot;_animation&quot;:&quot;fadeInUp&quot;,&quot;ekit_we_effect_on&quot;:&quot;none&quot;,&quot;_transform_translateX_effect_hover&quot;:{&quot;unit&quot;:&quot;px&quot;,&quot;size&quot;:&quot;&quot;,&quot;sizes&quot;:[]},&quot;_transform_translateX_effect_hover_tablet&quot;:{&quot;unit&quot;:&quot;px&quot;,&quot;size&quot;:&quot;&quot;,&quot;sizes&quot;:[]},&quot;_transform_translateX_effect_hover_mobile&quot;:{&quot;unit&quot;:&quot;px&quot;,&quot;size&quot;:&quot;&quot;,&quot;sizes&quot;:[]},&quot;_transform_translateY_effect_hover_tablet&quot;:{&quot;unit&quot;:&quot;px&quot;,&quot;size&quot;:&quot;&quot;,&quot;sizes&quot;:[]},&quot;_transform_translateY_effect_hover_mobile&quot;:{&quot;unit&quot;:&quot;px&quot;,&quot;size&quot;:&quot;&quot;,&quot;sizes&quot;:[]}}\" data-widget_type=\"ucaddon_glare_effect_button.default\">\n\t\t\t\t<div class=\"elementor-widget-container\">\n\t\t\t\t\t\n<!-- start Glare Button Effect -->\n\t\t<link id='font-awesome-css' href='https:\/\/zkinycenter.com.mx\/wp-content\/plugins\/unlimited-elements-for-elementor-premium\/assets_libraries\/font-awesome6\/fontawesome-all.min.css' type='text\/css' rel='stylesheet' >\n\t\t<link id='font-awesome-4-shim-css' href='https:\/\/zkinycenter.com.mx\/wp-content\/plugins\/unlimited-elements-for-elementor-premium\/assets_libraries\/font-awesome6\/fontawesome-v4-shims.min.css' type='text\/css' rel='stylesheet' >\n\n<style>\/* widget: Glare Button Effect *\/\n\n#uc_glare_effect_button_elementor_1f65373 .ue_glare_button{\n  display:inline-flex;\n  align-items: center;\n  cursor: pointer;\n  border-radius: 10px;\n  overflow: hidden;\n  position: relative;\n  text-decoration:none;\n}\n\n#uc_glare_effect_button_elementor_1f65373 .ue_glare_button div {\n  display: block;\n  position: relative;\n  z-index: 10;\n}\n\n#uc_glare_effect_button_elementor_1f65373 .ue_glare_button:after,\n#uc_glare_effect_button_elementor_1f65373 .ue_glare_button:before {\n  content: '';\n  position: absolute;\n  top: 0;\n  left: calc(-100% - 30px);\n  height: calc(100%);\n  width: calc(100% + 20px);\n  transform: skew(-25deg);\n}\n\n#uc_glare_effect_button_elementor_1f65373 .ue_glare_button:after {\n  transition: left 800ms cubic-bezier(0.86, 0, 0.07, 1) 0.2s;\n  z-index: 0;\n}\n\n#uc_glare_effect_button_elementor_1f65373 .ue_glare_button:before {\n  z-index: 5;\n  transition: left 1000ms cubic-bezier(0.86, 0, 0.07, 1);\n}\n\n#uc_glare_effect_button_elementor_1f65373 .ue_glare_button:hover:after {\n  left: calc(0% - 10px);\n  transition: left 800ms cubic-bezier(0.86, 0, 0.07, 1);\n}\n\n#uc_glare_effect_button_elementor_1f65373 .ue_glare_button:hover:before {\n  left: calc(0% - 10px);\n  transition: left 1000ms cubic-bezier(0.86, 0, 0.07, 1);\n}\n\n\n\n<\/style>\n\n<div id=\"uc_glare_effect_button_elementor_1f65373\" class=\"ue_glare_button_effect\">\n  <a class=\"ue_glare_button\" href=\"https:\/\/zkinycenter.com.mx\/en\/contacto\/\"  aria-label=\"Reservar ahora\">\n        <div>Reservar ahora<\/div>\n  <\/a>\n<\/div>\n<!-- end Glare Button Effect -->\t\t\t\t<\/div>\n\t\t\t\t<\/div>\n\t\t\t\t<\/div>\n\t\t\t\t\t<\/div>\n\t\t\t\t<\/div>\n\t\t<div class=\"elementor-element elementor-element-c4f8678 e-flex e-con-boxed e-con e-parent\" data-id=\"c4f8678\" data-element_type=\"container\" data-e-type=\"container\" id=\"nutricional\" data-settings=\"{&quot;background_background&quot;:&quot;classic&quot;,&quot;ekit_has_onepagescroll_dot&quot;:&quot;yes&quot;}\">\n\t\t\t\t\t<div class=\"e-con-inner\">\n\t\t<div class=\"elementor-element elementor-element-4c99d5d e-con-full animated-slow e-flex elementor-invisible e-con e-child\" data-id=\"4c99d5d\" data-element_type=\"container\" data-e-type=\"container\" data-settings=\"{&quot;background_background&quot;:&quot;classic&quot;,&quot;animation&quot;:&quot;fadeInLeft&quot;,&quot;ekit_has_onepagescroll_dot&quot;:&quot;yes&quot;}\">\n\t\t<div class=\"elementor-element elementor-element-cfa0159 e-con-full animated-slow e-flex elementor-invisible e-con e-child\" data-id=\"cfa0159\" data-element_type=\"container\" data-e-type=\"container\" data-settings=\"{&quot;background_background&quot;:&quot;classic&quot;,&quot;animation&quot;:&quot;fadeInLeft&quot;,&quot;ekit_has_onepagescroll_dot&quot;:&quot;yes&quot;}\">\n\t\t\t\t<div class=\"elementor-element elementor-element-6cb9341 elementor-widget elementor-widget-image\" data-id=\"6cb9341\" data-element_type=\"widget\" data-e-type=\"widget\" data-settings=\"{&quot;ekit_we_effect_on&quot;:&quot;none&quot;}\" data-widget_type=\"image.default\">\n\t\t\t\t<div class=\"elementor-widget-container\">\n\t\t\t\t\t\t\t\t\t\t\t\t\t\t\t<img decoding=\"async\" width=\"800\" height=\"534\" src=\"https:\/\/zkinycenter.com.mx\/wp-content\/uploads\/2026\/03\/29783-e1776125132152.jpg\" class=\"attachment-large size-large wp-image-1450\" alt=\"29783\" \/>\t\t\t\t\t\t\t\t\t\t\t\t\t\t\t<\/div>\n\t\t\t\t<\/div>\n\t\t\t\t<\/div>\n\t\t\t\t<\/div>\n\t\t<div class=\"elementor-element elementor-element-fa9a1ae e-con-full e-flex e-con e-child\" data-id=\"fa9a1ae\" data-element_type=\"container\" data-e-type=\"container\" data-settings=\"{&quot;ekit_has_onepagescroll_dot&quot;:&quot;yes&quot;}\">\n\t\t\t\t<div class=\"elementor-element elementor-element-b3784c0 elementor-invisible elementor-widget elementor-widget-heading\" data-id=\"b3784c0\" data-element_type=\"widget\" data-e-type=\"widget\" data-settings=\"{&quot;_animation&quot;:&quot;fadeInUp&quot;,&quot;ekit_we_effect_on&quot;:&quot;none&quot;}\" data-widget_type=\"heading.default\">\n\t\t\t\t<div class=\"elementor-widget-container\">\n\t\t\t\t\t<h2 class=\"elementor-heading-title elementor-size-default\">Programa Nutricional Gratuito<\/h2>\t\t\t\t<\/div>\n\t\t\t\t<\/div>\n\t\t\t\t<div class=\"elementor-element elementor-element-e3a6b66 animated-slow elementor-invisible elementor-widget elementor-widget-text-editor\" data-id=\"e3a6b66\" data-element_type=\"widget\" data-e-type=\"widget\" data-settings=\"{&quot;_animation&quot;:&quot;fadeInUp&quot;,&quot;ekit_we_effect_on&quot;:&quot;none&quot;}\" data-widget_type=\"text-editor.default\">\n\t\t\t\t<div class=\"elementor-widget-container\">\n\t\t\t\t\t\t\t\t\t<p data-start=\"383\" data-end=\"685\">Plan de alimentaci\u00f3n dise\u00f1ado de acuerdo con tus objetivos y estilo de vida, sin costo. Incluye orientaci\u00f3n pr\u00e1ctica, seguimiento b\u00e1sico y recomendaciones f\u00e1ciles de aplicar para ayudarte a mejorar tus h\u00e1bitos alimenticios y alcanzar un estilo de vida m\u00e1s saludable.<\/p>\t\t\t\t\t\t\t\t<\/div>\n\t\t\t\t<\/div>\n\t\t\t\t<div class=\"elementor-element elementor-element-3748d3f elementor-widget__width-inherit e-transform elementor-invisible elementor-widget elementor-widget-ucaddon_glare_effect_button\" data-id=\"3748d3f\" data-element_type=\"widget\" data-e-type=\"widget\" data-settings=\"{&quot;_transform_translateY_effect_hover&quot;:{&quot;unit&quot;:&quot;px&quot;,&quot;size&quot;:-10,&quot;sizes&quot;:[]},&quot;_animation&quot;:&quot;fadeInUp&quot;,&quot;ekit_we_effect_on&quot;:&quot;none&quot;,&quot;_transform_translateX_effect_hover&quot;:{&quot;unit&quot;:&quot;px&quot;,&quot;size&quot;:&quot;&quot;,&quot;sizes&quot;:[]},&quot;_transform_translateX_effect_hover_tablet&quot;:{&quot;unit&quot;:&quot;px&quot;,&quot;size&quot;:&quot;&quot;,&quot;sizes&quot;:[]},&quot;_transform_translateX_effect_hover_mobile&quot;:{&quot;unit&quot;:&quot;px&quot;,&quot;size&quot;:&quot;&quot;,&quot;sizes&quot;:[]},&quot;_transform_translateY_effect_hover_tablet&quot;:{&quot;unit&quot;:&quot;px&quot;,&quot;size&quot;:&quot;&quot;,&quot;sizes&quot;:[]},&quot;_transform_translateY_effect_hover_mobile&quot;:{&quot;unit&quot;:&quot;px&quot;,&quot;size&quot;:&quot;&quot;,&quot;sizes&quot;:[]}}\" data-widget_type=\"ucaddon_glare_effect_button.default\">\n\t\t\t\t<div class=\"elementor-widget-container\">\n\t\t\t\t\t\n<!-- start Glare Button Effect -->\n\n<style>\/* widget: Glare Button Effect *\/\n\n#uc_glare_effect_button_elementor_3748d3f .ue_glare_button{\n  display:inline-flex;\n  align-items: center;\n  cursor: pointer;\n  border-radius: 10px;\n  overflow: hidden;\n  position: relative;\n  text-decoration:none;\n}\n\n#uc_glare_effect_button_elementor_3748d3f .ue_glare_button div {\n  display: block;\n  position: relative;\n  z-index: 10;\n}\n\n#uc_glare_effect_button_elementor_3748d3f .ue_glare_button:after,\n#uc_glare_effect_button_elementor_3748d3f .ue_glare_button:before {\n  content: '';\n  position: absolute;\n  top: 0;\n  left: calc(-100% - 30px);\n  height: calc(100%);\n  width: calc(100% + 20px);\n  transform: skew(-25deg);\n}\n\n#uc_glare_effect_button_elementor_3748d3f .ue_glare_button:after {\n  transition: left 800ms cubic-bezier(0.86, 0, 0.07, 1) 0.2s;\n  z-index: 0;\n}\n\n#uc_glare_effect_button_elementor_3748d3f .ue_glare_button:before {\n  z-index: 5;\n  transition: left 1000ms cubic-bezier(0.86, 0, 0.07, 1);\n}\n\n#uc_glare_effect_button_elementor_3748d3f .ue_glare_button:hover:after {\n  left: calc(0% - 10px);\n  transition: left 800ms cubic-bezier(0.86, 0, 0.07, 1);\n}\n\n#uc_glare_effect_button_elementor_3748d3f .ue_glare_button:hover:before {\n  left: calc(0% - 10px);\n  transition: left 1000ms cubic-bezier(0.86, 0, 0.07, 1);\n}\n\n\n\n<\/style>\n\n<div id=\"uc_glare_effect_button_elementor_3748d3f\" class=\"ue_glare_button_effect\">\n  <a class=\"ue_glare_button\" href=\"https:\/\/zkinycenter.com.mx\/en\/contacto\/\"  aria-label=\"Reservar ahora\">\n        <div>Reservar ahora<\/div>\n  <\/a>\n<\/div>\n<!-- end Glare Button Effect -->\t\t\t\t<\/div>\n\t\t\t\t<\/div>\n\t\t\t\t<\/div>\n\t\t\t\t\t<\/div>\n\t\t\t\t<\/div>\n\t\t<div class=\"elementor-element elementor-element-186c63c e-flex e-con-boxed e-con e-parent\" data-id=\"186c63c\" data-element_type=\"container\" data-e-type=\"container\" id=\"epigenetica\" data-settings=\"{&quot;ekit_has_onepagescroll_dot&quot;:&quot;yes&quot;}\">\n\t\t\t\t\t<div class=\"e-con-inner\">\n\t\t<div class=\"elementor-element elementor-element-a984a1d e-con-full animated-slow e-flex elementor-invisible e-con e-child\" data-id=\"a984a1d\" data-element_type=\"container\" data-e-type=\"container\" data-settings=\"{&quot;background_background&quot;:&quot;classic&quot;,&quot;animation&quot;:&quot;fadeInLeft&quot;,&quot;ekit_has_onepagescroll_dot&quot;:&quot;yes&quot;}\">\n\t\t\t\t<div class=\"elementor-element elementor-element-e223b3d elementor-widget elementor-widget-image\" data-id=\"e223b3d\" data-element_type=\"widget\" data-e-type=\"widget\" data-settings=\"{&quot;ekit_we_effect_on&quot;:&quot;none&quot;}\" data-widget_type=\"image.default\">\n\t\t\t\t<div class=\"elementor-widget-container\">\n\t\t\t\t\t\t\t\t\t\t\t\t\t\t\t<img decoding=\"async\" width=\"800\" height=\"534\" src=\"https:\/\/zkinycenter.com.mx\/wp-content\/uploads\/2026\/03\/16133-e1776125163540.jpg\" class=\"attachment-full size-full wp-image-1448\" alt=\"16133\" \/>\t\t\t\t\t\t\t\t\t\t\t\t\t\t\t<\/div>\n\t\t\t\t<\/div>\n\t\t\t\t<\/div>\n\t\t<div class=\"elementor-element elementor-element-d32aeb7 e-con-full e-flex e-con e-child\" data-id=\"d32aeb7\" data-element_type=\"container\" data-e-type=\"container\" data-settings=\"{&quot;ekit_has_onepagescroll_dot&quot;:&quot;yes&quot;}\">\n\t\t\t\t<div class=\"elementor-element elementor-element-87da7e3 animated-slow elementor-invisible elementor-widget elementor-widget-heading\" data-id=\"87da7e3\" data-element_type=\"widget\" data-e-type=\"widget\" data-settings=\"{&quot;_animation&quot;:&quot;fadeInLeft&quot;,&quot;ekit_we_effect_on&quot;:&quot;none&quot;}\" data-widget_type=\"heading.default\">\n\t\t\t\t<div class=\"elementor-widget-container\">\n\t\t\t\t\t<h2 class=\"elementor-heading-title elementor-size-default\">Estudio de Epigen\u00e9tica para tu Nutrici\u00f3n (con Plan Gratuito de Nutrici\u00f3n)\n<\/h2>\t\t\t\t<\/div>\n\t\t\t\t<\/div>\n\t\t\t\t<div class=\"elementor-element elementor-element-d8501fb animated-slow elementor-invisible elementor-widget elementor-widget-text-editor\" data-id=\"d8501fb\" data-element_type=\"widget\" data-e-type=\"widget\" data-settings=\"{&quot;_animation&quot;:&quot;fadeInUp&quot;,&quot;ekit_we_effect_on&quot;:&quot;none&quot;}\" data-widget_type=\"text-editor.default\">\n\t\t\t\t<div class=\"elementor-widget-container\">\n\t\t\t\t\t\t\t\t\t<p data-start=\"692\" data-end=\"1073\">An\u00e1lisis innovador que estudia c\u00f3mo tus h\u00e1bitos y entorno influyen en la expresi\u00f3n de tus genes. A partir de estos resultados, se crea un plan nutricional personalizado (incluido sin costo) enfocado en optimizar tu salud, prevenir enfermedades y potenciar tu bienestar de forma m\u00e1s precisa y efectiva.<\/p>\t\t\t\t\t\t\t\t<\/div>\n\t\t\t\t<\/div>\n\t\t\t\t<div class=\"elementor-element elementor-element-184d334 elementor-widget__width-inherit e-transform elementor-invisible elementor-widget elementor-widget-ucaddon_glare_effect_button\" data-id=\"184d334\" data-element_type=\"widget\" data-e-type=\"widget\" data-settings=\"{&quot;_transform_translateY_effect_hover&quot;:{&quot;unit&quot;:&quot;px&quot;,&quot;size&quot;:-10,&quot;sizes&quot;:[]},&quot;_animation&quot;:&quot;fadeInUp&quot;,&quot;ekit_we_effect_on&quot;:&quot;none&quot;,&quot;_transform_translateX_effect_hover&quot;:{&quot;unit&quot;:&quot;px&quot;,&quot;size&quot;:&quot;&quot;,&quot;sizes&quot;:[]},&quot;_transform_translateX_effect_hover_tablet&quot;:{&quot;unit&quot;:&quot;px&quot;,&quot;size&quot;:&quot;&quot;,&quot;sizes&quot;:[]},&quot;_transform_translateX_effect_hover_mobile&quot;:{&quot;unit&quot;:&quot;px&quot;,&quot;size&quot;:&quot;&quot;,&quot;sizes&quot;:[]},&quot;_transform_translateY_effect_hover_tablet&quot;:{&quot;unit&quot;:&quot;px&quot;,&quot;size&quot;:&quot;&quot;,&quot;sizes&quot;:[]},&quot;_transform_translateY_effect_hover_mobile&quot;:{&quot;unit&quot;:&quot;px&quot;,&quot;size&quot;:&quot;&quot;,&quot;sizes&quot;:[]}}\" data-widget_type=\"ucaddon_glare_effect_button.default\">\n\t\t\t\t<div class=\"elementor-widget-container\">\n\t\t\t\t\t\n<!-- start Glare Button Effect -->\n\n<style>\/* widget: Glare Button Effect *\/\n\n#uc_glare_effect_button_elementor_184d334 .ue_glare_button{\n  display:inline-flex;\n  align-items: center;\n  cursor: pointer;\n  border-radius: 10px;\n  overflow: hidden;\n  position: relative;\n  text-decoration:none;\n}\n\n#uc_glare_effect_button_elementor_184d334 .ue_glare_button div {\n  display: block;\n  position: relative;\n  z-index: 10;\n}\n\n#uc_glare_effect_button_elementor_184d334 .ue_glare_button:after,\n#uc_glare_effect_button_elementor_184d334 .ue_glare_button:before {\n  content: '';\n  position: absolute;\n  top: 0;\n  left: calc(-100% - 30px);\n  height: calc(100%);\n  width: calc(100% + 20px);\n  transform: skew(-25deg);\n}\n\n#uc_glare_effect_button_elementor_184d334 .ue_glare_button:after {\n  transition: left 800ms cubic-bezier(0.86, 0, 0.07, 1) 0.2s;\n  z-index: 0;\n}\n\n#uc_glare_effect_button_elementor_184d334 .ue_glare_button:before {\n  z-index: 5;\n  transition: left 1000ms cubic-bezier(0.86, 0, 0.07, 1);\n}\n\n#uc_glare_effect_button_elementor_184d334 .ue_glare_button:hover:after {\n  left: calc(0% - 10px);\n  transition: left 800ms cubic-bezier(0.86, 0, 0.07, 1);\n}\n\n#uc_glare_effect_button_elementor_184d334 .ue_glare_button:hover:before {\n  left: calc(0% - 10px);\n  transition: left 1000ms cubic-bezier(0.86, 0, 0.07, 1);\n}\n\n\n\n<\/style>\n\n<div id=\"uc_glare_effect_button_elementor_184d334\" class=\"ue_glare_button_effect\">\n  <a class=\"ue_glare_button\" href=\"https:\/\/zkinycenter.com.mx\/en\/contacto\/\"  aria-label=\"Reservar ahora\">\n        <div>Reservar ahora<\/div>\n  <\/a>\n<\/div>\n<!-- end Glare Button Effect -->\t\t\t\t<\/div>\n\t\t\t\t<\/div>\n\t\t\t\t<\/div>\n\t\t\t\t\t<\/div>\n\t\t\t\t<\/div>\n\t\t\t\t<\/div>","protected":false},"excerpt":{"rendered":"<p>Servicios Consulta M\u00e9dica Evaluaci\u00f3n integral de tu estado de salud realizada por profesionales capacitados. Durante la consulta se revisan tus antecedentes, h\u00e1bitos y necesidades espec\u00edficas para brindarte un diagn\u00f3stico preciso y recomendaciones personalizadas que te ayuden a mejorar tu bienestar general. Reservar ahora Programa Nutricional Gratuito Plan de alimentaci\u00f3n dise\u00f1ado de acuerdo con tus objetivos [&hellip;]<\/p>\n","protected":false},"author":1,"featured_media":0,"parent":0,"menu_order":0,"comment_status":"closed","ping_status":"closed","template":"","meta":{"_acf_changed":false,"site-sidebar-layout":"no-sidebar","site-content-layout":"page-builder","ast-site-content-layout":"full-width-container","site-content-style":"default","site-sidebar-style":"default","ast-global-header-display":"","ast-banner-title-visibility":"","ast-main-header-display":"","ast-hfb-above-header-display":"","ast-hfb-below-header-display":"","ast-hfb-mobile-header-display":"","site-post-title":"disabled","ast-breadcrumbs-content":"","ast-featured-img":"disabled","footer-sml-layout":"","theme-transparent-header-meta":"","adv-header-id-meta":"","stick-header-meta":"","header-above-stick-meta":"","header-main-stick-meta":"","header-below-stick-meta":"","astra-migrate-meta-layouts":"set","ast-page-background-enabled":"default","ast-page-background-meta":{"desktop":{"background-color":"var(--ast-global-color-4)","background-image":"","background-repeat":"repeat","background-position":"center center","background-size":"auto","background-attachment":"scroll","background-type":"","background-media":"","overlay-type":"","overlay-color":"","overlay-opacity":"","overlay-gradient":""},"tablet":{"background-color":"","background-image":"","background-repeat":"repeat","background-position":"center center","background-size":"auto","background-attachment":"scroll","background-type":"","background-media":"","overlay-type":"","overlay-color":"","overlay-opacity":"","overlay-gradient":""},"mobile":{"background-color":"","background-image":"","background-repeat":"repeat","background-position":"center center","background-size":"auto","background-attachment":"scroll","background-type":"","background-media":"","overlay-type":"","overlay-color":"","overlay-opacity":"","overlay-gradient":""}},"ast-content-background-meta":{"desktop":{"background-color":"var(--ast-global-color-5)","background-image":"","background-repeat":"repeat","background-position":"center center","background-size":"auto","background-attachment":"scroll","background-type":"","background-media":"","overlay-type":"","overlay-color":"","overlay-opacity":"","overlay-gradient":""},"tablet":{"background-color":"var(--ast-global-color-5)","background-image":"","background-repeat":"repeat","background-position":"center center","background-size":"auto","background-attachment":"scroll","background-type":"","background-media":"","overlay-type":"","overlay-color":"","overlay-opacity":"","overlay-gradient":""},"mobile":{"background-color":"var(--ast-global-color-5)","background-image":"","background-repeat":"repeat","background-position":"center center","background-size":"auto","background-attachment":"scroll","background-type":"","background-media":"","overlay-type":"","overlay-color":"","overlay-opacity":"","overlay-gradient":""}},"footnotes":""},"class_list":["post-1442","page","type-page","status-publish","hentry"],"acf":[],"aioseo_notices":[],"_links":{"self":[{"href":"https:\/\/zkinycenter.com.mx\/en\/wp-json\/wp\/v2\/pages\/1442","targetHints":{"allow":["GET"]}}],"collection":[{"href":"https:\/\/zkinycenter.com.mx\/en\/wp-json\/wp\/v2\/pages"}],"about":[{"href":"https:\/\/zkinycenter.com.mx\/en\/wp-json\/wp\/v2\/types\/page"}],"author":[{"embeddable":true,"href":"https:\/\/zkinycenter.com.mx\/en\/wp-json\/wp\/v2\/users\/1"}],"replies":[{"embeddable":true,"href":"https:\/\/zkinycenter.com.mx\/en\/wp-json\/wp\/v2\/comments?post=1442"}],"version-history":[{"count":37,"href":"https:\/\/zkinycenter.com.mx\/en\/wp-json\/wp\/v2\/pages\/1442\/revisions"}],"predecessor-version":[{"id":1740,"href":"https:\/\/zkinycenter.com.mx\/en\/wp-json\/wp\/v2\/pages\/1442\/revisions\/1740"}],"wp:attachment":[{"href":"https:\/\/zkinycenter.com.mx\/en\/wp-json\/wp\/v2\/media?parent=1442"}],"curies":[{"name":"wp","href":"https:\/\/api.w.org\/{rel}","templated":true}]}}